{"id":64,"date":"2018-10-01T19:47:56","date_gmt":"2018-10-01T17:47:56","guid":{"rendered":"http:\/\/aklc.formedia18.savana-hosting.cz\/kontakt\/"},"modified":"2018-10-31T10:20:09","modified_gmt":"2018-10-31T09:20:09","slug":"kontakt","status":"publish","type":"page","link":"https:\/\/www.akrybickova.cz\/de\/kontakt\/","title":{"rendered":"Kontakt"},"content":{"rendered":"<p>Mgr. Pavl\u00edna Rybi\u010dkov\u00e1, Rechtsanw\u00e4ltin<\/p>\n<p>Ulrichovo n\u00e1m\u011bst\u00ed 762\/6<br>\n500 02 Hradec Kr\u00e1lov\u00e9<\/p>\n<p>Tel: +420 778 020&nbsp;534<br>\nE\u2011Mail:&nbsp;<a href=\"mailto:advokat@akrybickova.cz\">advokat@akrybickova.cz<\/a><\/p>\n<p>Datenpostfach: 7ikpgaj<\/p>\n<p><span class=\"caps\">GPS<\/span>:<br>\n<span class=\"caps\">N50<\/span>\u00b0 12\u2032 38.380\u2033<br>\n<span class=\"caps\">E15<\/span>\u00b0 49\u2032 15.150\u2033<\/p>\n","protected":false},"excerpt":{"rendered":"<p>Mgr. Pavl\u00edna Rybi\u010dkov\u00e1, Rechtsanw\u00e4ltin Ulrichovo n\u00e1m\u011bst\u00ed 762\/6 500 02 Hradec Kr\u00e1lov\u00e9 Tel: +420 778 020&nbsp;534 E\u2011Mail:&nbsp;advokat@akrybickova.cz Datenpostfach: 7ikpgaj <span class=\"caps\">GPS<\/span>: <span class=\"caps\">N50<\/span>\u00b0 12\u2032 38.380\u2033 <span class=\"caps\">E15<\/span>\u00b0 49\u2032 15.150\u2033<\/p>\n","protected":false},"author":1,"featured_media":0,"parent":0,"menu_order":0,"comment_status":"closed","ping_status":"closed","template":"","meta":{"wp_typography_post_enhancements_disabled":false,"footnotes":""},"class_list":["post-64","page","type-page","status-publish","hentry"],"_links":{"self":[{"href":"https:\/\/www.akrybickova.cz\/de\/wp-json\/wp\/v2\/pages\/64"}],"collection":[{"href":"https:\/\/www.akrybickova.cz\/de\/wp-json\/wp\/v2\/pages"}],"about":[{"href":"https:\/\/www.akrybickova.cz\/de\/wp-json\/wp\/v2\/types\/page"}],"author":[{"embeddable":true,"href":"https:\/\/www.akrybickova.cz\/de\/wp-json\/wp\/v2\/users\/1"}],"replies":[{"embeddable":true,"href":"https:\/\/www.akrybickova.cz\/de\/wp-json\/wp\/v2\/comments?post=64"}],"version-history":[{"count":4,"href":"https:\/\/www.akrybickova.cz\/de\/wp-json\/wp\/v2\/pages\/64\/revisions"}],"predecessor-version":[{"id":440,"href":"https:\/\/www.akrybickova.cz\/de\/wp-json\/wp\/v2\/pages\/64\/revisions\/440"}],"wp:attachment":[{"href":"https:\/\/www.akrybickova.cz\/de\/wp-json\/wp\/v2\/media?parent=64"}],"curies":[{"name":"wp","href":"https:\/\/api.w.org\/{rel}","templated":true}]}}