{"id":56,"date":"2018-10-01T19:41:08","date_gmt":"2018-10-01T17:41:08","guid":{"rendered":"http:\/\/aklc.formedia18.savana-hosting.cz\/publikationen\/"},"modified":"2018-10-01T20:03:52","modified_gmt":"2018-10-01T18:03:52","slug":"publikationen","status":"publish","type":"page","link":"https:\/\/www.akrybickova.cz\/de\/publikationen\/","title":{"rendered":"Publikationen"},"content":{"rendered":"<p>Vortrags- und Publikationst\u00e4tigkeit sind eine meiner Interessengebiete.<\/p>\n<p>F\u00fcr meine Mandanten veranstalte ich Vortr\u00e4ge zu den verschiedenen Rechtsfragen, inklusive Problematik des neuen B\u00fcrgerlichen Gesetzbuches (Gesetz Nr. 89\/2012 Slg.)<\/p>\n","protected":false},"excerpt":{"rendered":"<p>Vortrags- und Publikationst\u00e4tigkeit sind eine meiner Interessengebiete. F\u00fcr meine Mandanten veranstalte ich Vortr\u00e4ge zu den verschiedenen Rechtsfragen, inklusive Problematik des neuen B\u00fcrgerlichen Gesetzbuches (Gesetz Nr. 89\/2012 Slg.)<\/p>\n","protected":false},"author":1,"featured_media":0,"parent":0,"menu_order":0,"comment_status":"closed","ping_status":"closed","template":"","meta":{"wp_typography_post_enhancements_disabled":false,"footnotes":""},"class_list":["post-56","page","type-page","status-publish","hentry"],"_links":{"self":[{"href":"https:\/\/www.akrybickova.cz\/de\/wp-json\/wp\/v2\/pages\/56"}],"collection":[{"href":"https:\/\/www.akrybickova.cz\/de\/wp-json\/wp\/v2\/pages"}],"about":[{"href":"https:\/\/www.akrybickova.cz\/de\/wp-json\/wp\/v2\/types\/page"}],"author":[{"embeddable":true,"href":"https:\/\/www.akrybickova.cz\/de\/wp-json\/wp\/v2\/users\/1"}],"replies":[{"embeddable":true,"href":"https:\/\/www.akrybickova.cz\/de\/wp-json\/wp\/v2\/comments?post=56"}],"version-history":[{"count":1,"href":"https:\/\/www.akrybickova.cz\/de\/wp-json\/wp\/v2\/pages\/56\/revisions"}],"predecessor-version":[{"id":73,"href":"https:\/\/www.akrybickova.cz\/de\/wp-json\/wp\/v2\/pages\/56\/revisions\/73"}],"wp:attachment":[{"href":"https:\/\/www.akrybickova.cz\/de\/wp-json\/wp\/v2\/media?parent=56"}],"curies":[{"name":"wp","href":"https:\/\/api.w.org\/{rel}","templated":true}]}}