{"id":48,"date":"2018-10-01T19:32:14","date_gmt":"2018-10-01T17:32:14","guid":{"rendered":"http:\/\/aklc.formedia18.savana-hosting.cz\/kooperation\/"},"modified":"2018-10-01T20:03:37","modified_gmt":"2018-10-01T18:03:37","slug":"kooperation","status":"publish","type":"page","link":"https:\/\/www.akrybickova.cz\/de\/kooperation\/","title":{"rendered":"Kooperation"},"content":{"rendered":"<p>Bei der Rechtsberatung ist oftmals erforderlich, die rechtliche Kenntnisse mit den Kenntnissen von Spezialisten aus verschiedenen Fachgebieten zu verbinden. Daf\u00fcr arbeite ich mit Notaren, Steuerberatern, Sachverst\u00e4ndigen, \u00dcbersetzern, sowie auch mit den ausl\u00e4ndischen Rechtsanwaltskanzleien zusammen.<\/p>\n","protected":false},"excerpt":{"rendered":"<p>Bei der Rechtsberatung ist oftmals erforderlich, die rechtliche Kenntnisse mit den Kenntnissen von Spezialisten aus verschiedenen Fachgebieten zu verbinden. Daf\u00fcr arbeite ich mit Notaren, Steuerberatern, Sachverst\u00e4ndigen, \u00dcbersetzern, sowie auch mit den ausl\u00e4ndischen Rechtsanwaltskanzleien zusammen.<\/p>\n","protected":false},"author":1,"featured_media":0,"parent":0,"menu_order":0,"comment_status":"closed","ping_status":"closed","template":"","meta":{"wp_typography_post_enhancements_disabled":false,"footnotes":""},"class_list":["post-48","page","type-page","status-publish","hentry"],"_links":{"self":[{"href":"https:\/\/www.akrybickova.cz\/de\/wp-json\/wp\/v2\/pages\/48"}],"collection":[{"href":"https:\/\/www.akrybickova.cz\/de\/wp-json\/wp\/v2\/pages"}],"about":[{"href":"https:\/\/www.akrybickova.cz\/de\/wp-json\/wp\/v2\/types\/page"}],"author":[{"embeddable":true,"href":"https:\/\/www.akrybickova.cz\/de\/wp-json\/wp\/v2\/users\/1"}],"replies":[{"embeddable":true,"href":"https:\/\/www.akrybickova.cz\/de\/wp-json\/wp\/v2\/comments?post=48"}],"version-history":[{"count":1,"href":"https:\/\/www.akrybickova.cz\/de\/wp-json\/wp\/v2\/pages\/48\/revisions"}],"predecessor-version":[{"id":72,"href":"https:\/\/www.akrybickova.cz\/de\/wp-json\/wp\/v2\/pages\/48\/revisions\/72"}],"wp:attachment":[{"href":"https:\/\/www.akrybickova.cz\/de\/wp-json\/wp\/v2\/media?parent=48"}],"curies":[{"name":"wp","href":"https:\/\/api.w.org\/{rel}","templated":true}]}}