{"id":39,"date":"2018-10-01T18:25:39","date_gmt":"2018-10-01T16:25:39","guid":{"rendered":"http:\/\/aklc.formedia18.savana-hosting.cz\/?page_id=39"},"modified":"2019-02-04T17:04:09","modified_gmt":"2019-02-04T16:04:09","slug":"rechtsgebiete","status":"publish","type":"page","link":"https:\/\/www.akrybickova.cz\/de\/rechtsgebiete\/","title":{"rendered":"Rechtsgebiete"},"content":{"rendered":"<p>Im Rahmen meiner anwaltlichen T\u00e4tigkeit biete ich den Mandanten Rechtsberatung von h\u00f6chster Qualit\u00e4t in s\u00e4mtlichen Rechtsgebieten:<\/p>\n<ul>\n<li>\u2013 B\u00fcrgerliches Recht, Familienrecht und Arbeitsrecht<\/li>\n<li>\u2013 Handels- und Gesellschaftsrecht<\/li>\n<li>\u2013 Verbraucherschutzrecht<\/li>\n<li>\u2013 Insolvenzrecht und Entschuldung<\/li>\n<li>\u2013 Geistiges Eigentum und Gewerbliche Rechtsschutz<\/li>\n<li>\u2013 Verwaltungsrecht, Baurecht, Verwaltungsdelikte<\/li>\n<li>\u2013 Kommunalrecht (Gemeinde, Kreise)<\/li>\n<li>\u2013 Schulrecht<\/li>\n<li>\u2013 Vergaberecht<\/li>\n<li>\u2013 Strafrecht<\/li>\n<\/ul>\n<p>Ich beabsichtige dem breitesten Spektrum von Mandanten rechtliche Dienstleistungen zu erbringen, die jeweils passend auf ihre Bed\u00fcrfnisse zugeschnitten sind.<\/p>\n","protected":false},"excerpt":{"rendered":"<p>Im Rahmen meiner anwaltlichen T\u00e4tigkeit biete ich den Mandanten Rechtsberatung von h\u00f6chster Qualit\u00e4t in s\u00e4mtlichen Rechtsgebieten: \u2013 B\u00fcrgerliches Recht, Familienrecht und Arbeitsrecht \u2013 Handels- und Gesellschaftsrecht \u2013 Verbraucherschutzrecht \u2013 Insolvenzrecht und Entschuldung \u2013 Geistiges Eigentum und Gewerbliche Rechtsschutz \u2013 Verwaltungsrecht, Baurecht, Verwaltungsdelikte \u2013 Kommunalrecht (Gemeinde, Kreise) \u2013 Schulrecht \u2013 Vergaberecht \u2013 Strafrecht Ich beabsichtige dem&nbsp;[\u2026]<\/p>\n","protected":false},"author":1,"featured_media":0,"parent":0,"menu_order":0,"comment_status":"closed","ping_status":"closed","template":"","meta":{"wp_typography_post_enhancements_disabled":false,"footnotes":""},"class_list":["post-39","page","type-page","status-publish","hentry"],"_links":{"self":[{"href":"https:\/\/www.akrybickova.cz\/de\/wp-json\/wp\/v2\/pages\/39"}],"collection":[{"href":"https:\/\/www.akrybickova.cz\/de\/wp-json\/wp\/v2\/pages"}],"about":[{"href":"https:\/\/www.akrybickova.cz\/de\/wp-json\/wp\/v2\/types\/page"}],"author":[{"embeddable":true,"href":"https:\/\/www.akrybickova.cz\/de\/wp-json\/wp\/v2\/users\/1"}],"replies":[{"embeddable":true,"href":"https:\/\/www.akrybickova.cz\/de\/wp-json\/wp\/v2\/comments?post=39"}],"version-history":[{"count":2,"href":"https:\/\/www.akrybickova.cz\/de\/wp-json\/wp\/v2\/pages\/39\/revisions"}],"predecessor-version":[{"id":490,"href":"https:\/\/www.akrybickova.cz\/de\/wp-json\/wp\/v2\/pages\/39\/revisions\/490"}],"wp:attachment":[{"href":"https:\/\/www.akrybickova.cz\/de\/wp-json\/wp\/v2\/media?parent=39"}],"curies":[{"name":"wp","href":"https:\/\/api.w.org\/{rel}","templated":true}]}}