{"id":28,"date":"2018-10-01T18:01:12","date_gmt":"2018-10-01T16:01:12","guid":{"rendered":"http:\/\/aklc.formedia18.savana-hosting.cz\/?page_id=28"},"modified":"2018-10-02T09:15:13","modified_gmt":"2018-10-02T07:15:13","slug":"ueber-mich","status":"publish","type":"page","link":"https:\/\/www.akrybickova.cz\/de\/ueber-mich\/","title":{"rendered":"\u00dcber mich"},"content":{"rendered":"<p>Mein Name ist Pavl\u00edna Rybi\u010dkov\u00e1 und ich bin Rechtsanw\u00e4ltin mit dem Sitz in Hradec Kr\u00e1lov\u00e9.<\/p>\n<p>Ich habe die juristische Fakult\u00e4t der Palack\u00fd Universit\u00e4t in Olomouc mit Auszeichnung absolviert (2009). W\u00e4hrend des Studiums habe ich einj\u00e4hriges Auslandsstudium an der juristischen Fakult\u00e4t der Europa Universit\u00e4t Viadrina, Frankfurt (Oder) gemacht. Die Dauer der praktischen T\u00e4tigkeit als Rechtsanwaltsanw\u00e4rterin in renommierter Rechtsanwaltskanzlei Hartmann, Jel\u00ednek, Fr\u00e1\u0148a und Partner habe ich im Jahr 2012 mit der erfolgreichen Ablegung der Rechtsanwaltspr\u00fcfung vollendet. Daraufhin bin ich in Rechtsanwaltskanzlei Hartmann, Jel\u00ednek, Fr\u00e1\u0148a und Partner als Rechtsanw\u00e4ltin t\u00e4tig gewesen (2013\u20132014). Ich spreche Englisch und Deutsch (einschliesslich deutsche juristische Fachterminologie), deshalb ist den Mandanten voller Komfort in ihren Angelegenheiten mit fremdsprachigen Kunden oder Gesch\u00e4ftspartner gew\u00e4hrt.<\/p>\n","protected":false},"excerpt":{"rendered":"<p>Mein Name ist Pavl\u00edna Rybi\u010dkov\u00e1 und ich bin Rechtsanw\u00e4ltin mit dem Sitz in Hradec Kr\u00e1lov\u00e9. Ich habe die juristische Fakult\u00e4t der Palack\u00fd Universit\u00e4t in Olomouc mit Auszeichnung absolviert (2009). W\u00e4hrend des Studiums habe ich einj\u00e4hriges Auslandsstudium an der juristischen Fakult\u00e4t der Europa Universit\u00e4t Viadrina, Frankfurt (Oder) gemacht. Die Dauer der praktischen T\u00e4tigkeit als Rechtsanwaltsanw\u00e4rterin in&nbsp;[\u2026]<\/p>\n","protected":false},"author":1,"featured_media":0,"parent":0,"menu_order":0,"comment_status":"closed","ping_status":"closed","template":"","meta":{"wp_typography_post_enhancements_disabled":false,"footnotes":""},"class_list":["post-28","page","type-page","status-publish","hentry"],"_links":{"self":[{"href":"https:\/\/www.akrybickova.cz\/de\/wp-json\/wp\/v2\/pages\/28"}],"collection":[{"href":"https:\/\/www.akrybickova.cz\/de\/wp-json\/wp\/v2\/pages"}],"about":[{"href":"https:\/\/www.akrybickova.cz\/de\/wp-json\/wp\/v2\/types\/page"}],"author":[{"embeddable":true,"href":"https:\/\/www.akrybickova.cz\/de\/wp-json\/wp\/v2\/users\/1"}],"replies":[{"embeddable":true,"href":"https:\/\/www.akrybickova.cz\/de\/wp-json\/wp\/v2\/comments?post=28"}],"version-history":[{"count":2,"href":"https:\/\/www.akrybickova.cz\/de\/wp-json\/wp\/v2\/pages\/28\/revisions"}],"predecessor-version":[{"id":413,"href":"https:\/\/www.akrybickova.cz\/de\/wp-json\/wp\/v2\/pages\/28\/revisions\/413"}],"wp:attachment":[{"href":"https:\/\/www.akrybickova.cz\/de\/wp-json\/wp\/v2\/media?parent=28"}],"curies":[{"name":"wp","href":"https:\/\/api.w.org\/{rel}","templated":true}]}}